{"id":1409,"date":"2020-07-17T16:00:28","date_gmt":"2020-07-17T14:00:28","guid":{"rendered":"http:\/\/gmgonline.de\/quattro-tuning\/?page_id=1409"},"modified":"2020-07-20T17:30:29","modified_gmt":"2020-07-20T15:30:29","slug":"allgemeine-geschaeftsbedingungen","status":"publish","type":"page","link":"https:\/\/gmgonline.de\/quattro-tuning\/allgemeine-geschaeftsbedingungen\/","title":{"rendered":"Allgemeine Gesch\u00e4ftsbedingungen"},"content":{"rendered":"\t\t<div data-elementor-type=\"wp-page\" data-elementor-id=\"1409\" class=\"elementor elementor-1409\">\n\t\t\t\t\t\t<section class=\"has_eae_slider elementor-section elementor-top-section elementor-element elementor-element-4f23cdb elementor-section-boxed elementor-section-height-default elementor-section-height-default\" data-eae-slider=\"49386\" data-id=\"4f23cdb\" data-element_type=\"section\" data-e-type=\"section\" data-settings=\"{&quot;background_background&quot;:&quot;classic&quot;}\">\n\t\t\t\t\t\t<div class=\"elementor-container elementor-column-gap-default\">\n\t\t\t\t\t<div class=\"has_eae_slider elementor-column elementor-col-33 elementor-top-column elementor-element elementor-element-3249cfd\" data-eae-slider=\"72985\" data-id=\"3249cfd\" data-element_type=\"column\" data-e-type=\"column\">\n\t\t\t<div class=\"elementor-widget-wrap\">\n\t\t\t\t\t\t\t<\/div>\n\t\t<\/div>\n\t\t\t\t<div class=\"has_eae_slider elementor-column elementor-col-66 elementor-top-column elementor-element elementor-element-ec41c25\" data-eae-slider=\"37060\" data-id=\"ec41c25\" data-element_type=\"column\" data-e-type=\"column\">\n\t\t\t<div class=\"elementor-widget-wrap elementor-element-populated\">\n\t\t\t\t\t\t<div class=\"elementor-element elementor-element-13fa8e3 elementor-widget elementor-widget-heading\" data-id=\"13fa8e3\" data-element_type=\"widget\" data-e-type=\"widget\" data-widget_type=\"heading.default\">\n\t\t\t\t<div class=\"elementor-widget-container\">\n\t\t\t\t\t<h2 class=\"elementor-heading-title elementor-size-default\">AGB<\/h2>\t\t\t\t<\/div>\n\t\t\t\t<\/div>\n\t\t\t\t<div class=\"elementor-element elementor-element-2a04602 elementor-widget elementor-widget-heading\" data-id=\"2a04602\" data-element_type=\"widget\" data-e-type=\"widget\" data-widget_type=\"heading.default\">\n\t\t\t\t<div class=\"elementor-widget-container\">\n\t\t\t\t\t<h2 class=\"elementor-heading-title elementor-size-default\">Allgemeine Gesch\u00e4ftsbedingungen<\/h2>\t\t\t\t<\/div>\n\t\t\t\t<\/div>\n\t\t\t\t<div class=\"elementor-element elementor-element-65106a4 elementor-widget elementor-widget-text-editor\" data-id=\"65106a4\" data-element_type=\"widget\" data-e-type=\"widget\" data-widget_type=\"text-editor.default\">\n\t\t\t\t<div class=\"elementor-widget-container\">\n\t\t\t\t\t\t\t\t\t<p><strong>Allgemeine Gesch\u00e4ftsbedingungen f\u00fcr den Tuningbereich &#8222;tuning by gmg&#8220;<br \/><\/strong><\/p><p>von gmg-Ihr Autofachpartner, Inhaber Gerald M\u00fcller, Obere Hof\u00e4cker 1, 97840 Hafenlohr<br \/>Internetpr\u00e4senz: www.quattro-tuning.com<br \/><br \/><\/p><p><strong>1. Geltungsbereich<\/strong><\/p><p>F\u00fcr s\u00e4mtliche Gesch\u00e4ftsbeziehungen zwischen uns, gmg-Ihr Autofachpartner, Inh. Gerald M\u00fcller (nachfolgend Verk\u00e4ufer genannt) und einem Verbraucher oder Unternehmer gelten ausschlie\u00dflich die nachfolgenden Allgemeinen Gesch\u00e4ftsbedingungen (nachfolgend AGB genannt) in der jeweils g\u00fcltigen Fassung.<\/p><p>Hiermit wird der Einbeziehung von eigenen Bedingungen des Kunden widersprochen, es sei denn, es ist etwas anderes vereinbart.<\/p><p>Verbraucher ist jede nat\u00fcrliche Person, die ein Rechtsgesch\u00e4ft zu Zwecken abschlie\u00dft, die \u00fcberwiegend weder ihrer gewerblichen noch ihrer selbst\u00e4ndigen beruflichen T\u00e4tigkeit zugerechnet werden k\u00f6nnen.<\/p><p>Unternehmer im Sinne dieser AGB ist jede nat\u00fcrliche oder juristische Person oder eine rechtsf\u00e4hige Personengesellschaft, die bei Abschluss eines Rechtsgesch\u00e4fts in Aus\u00fcbung ihrer selbstst\u00e4ndigen beruflichen oder gewerblichen T\u00e4tigkeit handelt. F\u00fcr Unternehmer gilt: diese Vertragsbedingungen gelten auch f\u00fcr alle unsere im Rahmen einer laufenden Gesch\u00e4ftsbeziehung zu erbringenden zuk\u00fcnftigen Lieferungen und Leistungen.<\/p><p><strong>2. Vertragsschluss<\/strong><\/p><p>Die Pr\u00e4sentation der Produkte\/Dienstleistungen stellt kein rechtlich bindendes Angebot dar. Unsere Angebote erfolgen freibleibend. Irrt\u00fcmer behalten wir uns vor.<\/p><p>Unsere Angebote dienen der Abgabe eines Kaufgebotes durch den Kunden. Erst mit der Beauftragung des Verk\u00e4ufers gibt der Verbraucher ein f\u00fcr Ihn rechtlich verbindendes Angebot auf Abschluss eines Kaufvertrages ab.<\/p><p><strong>3. Preise<\/strong><\/p><p>Alle genannten Preise sind Endpreise inklusive Mehrwertsteuer und verstehen sich ab unserem Betrieb.<\/p><p><strong>4. Zahlungsbedingungen<\/strong><\/p><p>Unsere Rechnungen sind sofort nach Rechnungsstellung f\u00e4llig und ohne Abzug zahlbar. Ein Abzug von Skonto ist unzul\u00e4ssig.<br \/>Bei umfangreichem Materialaufwand und langfristigen Arbeiten sind wir berechtigt, eine angemessene Vorauszahlung zu<br \/>verlangen, um die Vorfinanzierung zu gew\u00e4hrleisten.<\/p><p><strong>5. Eigentumsvorbehalt<\/strong><\/p><p>Die von dem Verk\u00e4ufer gelieferte Ware bleibt bis zur vollst\u00e4ndigen Bezahlung sein Eigentum.<\/p><p><strong>6. Abnahme<br \/><\/strong><\/p><p>Die Abnahme des Auftragsgegenstandes durch den Verbraucher erfolgt im Betrieb des Verk\u00e4ufers, soweit nichts anderes vereinbart ist. Der Verbraucher hat, soweit nichts Abweichendes vereinbart ist, innerhalb von einer Woche nach nach Meldung der Fertigstellung den Auftragsgegenstand abzuholen und vor Ort zu bezahlen. Im Falle der Nichtabnahme kann der Verk\u00e4ufer von seinem gesetzlichen Rechten Gebrauch machen. Bei Reparaturarbeiten, die innerhalb eines Arbeitstages ausgef\u00fchrt werden, verk\u00fcrzt sich die Frist auf 2 Arbeitstage.<br \/><br \/>Erfolgt die Abnahme ohne das Verschulden des Verk\u00e4ufers nicht rechtzeitig oder nicht vollst\u00e4ndig, so gilt die Lieferung oder Leistung nach unserer schriftlichen Aufforderung zur Abnahme unter Setzung einer angemessenen Frist als abgenommen, sofern vom Verk\u00e4ufer auf diese Folge hingewiesen wurde.\u00a0 <br \/>Zus\u00e4tzlich kann der Verk\u00e4ufer bei Abnahmeverzug die orts\u00fcbliche Aufbewahrungsgeb\u00fchr berechnen.<\/p><p><strong>7. Vorbehalte<\/strong><\/p><p>Um eine missbr\u00e4uchliche und fehlerhafte Verwendung auszuschlie\u00dfen, sollten die Ersatzteile\/Produkte nur durch qualifiziertes Fachpersonal verbaut werden. Vor dem Einbau muss gepr\u00fcft werden, ob das bestellte Teil f\u00fcr die bestimmte Verwendung zweifelsfrei geeignet ist.<\/p><p><strong>8. Gew\u00e4hrleistung \/ M\u00e4ngelrechte bei\u00a0 <\/strong><strong><b>werkvertraglichen Leistungen (Reparaturen, Instandsetzungen, etc.)<\/b><\/strong><\/p><p>Bei allen Waren, Dienstleitungen und werkvertraglichen Leistungen bestehen die gesetzlichen Gew\u00e4hrleistungsrechte bzw. die Regelungen des BGB f\u00fcr den Werkvertrag. Ist der Verbraucher Unternehmer betr\u00e4gt die Gew\u00e4hrleistungsfrist ein Jahr.<\/p><p>Soweit gebrauchte Waren Gegenstand des Kaufvertrags sind und der K\u00e4ufer nicht Verbraucher ist, wird die Gew\u00e4hrleistung ausgeschlossen. Ist der Kunde Verbraucher, betr\u00e4gt die Gew\u00e4hrleistungsfrist beim Kauf gebrauchter Sachen ein Jahr.\u00a0<\/p><p>S\u00e4mtliche den Waren zugrundeliegenden Beschreibungen \u00fcber Aussehen, Leistungen, Ma\u00dfe und Gewicht sind Beschaffenheitsangaben, stellen jedoch keine zugesicherten Eigenschaften dar. Sie dienen lediglich als Ma\u00dfstab zur Feststellung,\u00a0 ob der Kaufgegenstand fehlerfrei ist. Zugesicherte Eigenschaften i.S.v. \u00a7 459 Abs. 2 BGB sind als solche ausdr\u00fccklich zu kennzeichnen.<\/p><p>Sch\u00e4den, die durch unsachgem\u00e4\u00dfe oder vertragswidrige Ma\u00dfnahmen des Kunden, bei Aufstellung, Anschluss, Einbau, Bedienung oder Lagerung hervorgerufen werden, begr\u00fcnden keinen Anspruch gegen den Verk\u00e4ufer. Anspr\u00fcche wegen M\u00e4ngeln bestehen nicht, soweit am Leistungsgegenstand \u00fcblicher Verschlei\u00df oder Verbrauch vorliegt, Beistellungen des K\u00e4ufers betroffen sind, der K\u00e4ufer ohne unsere schriftliche Zustimmung \u00c4nderungen vorgenommen oder in eigener Verantwortung selbst oder durch einen Dritten Arbeiten durchgef\u00fchrt oder auf sonstige Weise nicht fachgerechte oder fachkundige Einwirkungen auf den Leistungsgegenstand vorgenommen hat, Herstellervorgaben nicht beachtet worden sind oder nach Gefahr\u00fcbergang ein nicht-bestimmungsgem\u00e4\u00dfer, \u00fcberm\u00e4\u00dfiger, nachl\u00e4ssiger, fehlerhafter Gebrauch oder eine sonstige nicht in unserem Verantwortungsbereich liegende unsachgem\u00e4\u00dfe \u00e4u\u00dfere Einwirkung auf den Leistungsgegenstand stattgefunden hat.<\/p><p>Die Unsachgem\u00e4\u00dfheit und Vertragswidrigkeit bestimmt sich insbesondere nach den Angaben des Herstellers oder Verk\u00e4ufers.<\/p><p>Motorsportteile, die f\u00fcr Hochleistungen und Extrembelastungen entwickelt wurden, haben je nach Nutzung eine kurze Lebensdauer und sind bereits nach kurzer Zeit verschlissen ohne dass ein Sachmangel vorliegt. F\u00fcr diese speziellen Teile \u00fcbernehmen wir keine Garantie, Gew\u00e4hrleistung oder Haftung.<\/p><p>Bei Fahrzeugen, die im Rahmen von Sport- oder Renneins\u00e4tzen, d.h. nicht im \u00f6ffentlichen Verkehr, eingesetzt werden sowie f\u00fcr alle dabei verwendeten Teile ist die Gew\u00e4hrleistung des Verk\u00e4ufers ausdr\u00fccklich ausgeschlossen.<\/p><p><strong>9.Haftung<\/strong><\/p><p>Es gilt die gesetzliche M\u00e4ngelhaftung. Im Falle des Vorsatzes oder einer groben Fahrl\u00e4ssigkeit ist unsere Haftung beschr\u00e4nkt.<\/p><p>Der Verk\u00e4ufer weist ausdr\u00fccklich darauf hin, da\u00df die von ihrm angebotenen und durchgef\u00fchrten Arbeiten, Leistungen und Lieferungen zu einer Verminderung oder zum Erl\u00f6schen der vertraglichen oder gesetzlichen Gew\u00e4hrleistungsrechte des K\u00e4ufers gegen\u00fcber dem Verk\u00e4ufer des Vertragsgegenstandes oder zur Verminderung bzw. zum Erl\u00f6schen der vertraglichen oder gesetzlichen Garantieanspr\u00fcche gegen\u00fcber dem Hersteller f\u00fchren k\u00f6nnen. <br \/>Der Verbraucher erkennt an, da\u00df diesbez\u00fcglich die Haftung des Verk\u00e4ufers ausdr\u00fccklich ausgeschlossen ist. <\/p><p>Die Leistungssteigerung von Kraftfahrzeugen erfordert eine Neutypisierung bez\u00fcglich Kraftfahrzeug-Haftpflichtversicherung und<br \/>Kaskoversicherung. Der K\u00e4ufer ist selbst verpflichtet, f\u00fcr die Einhaltung des Versicherungsschutzes Sorge zu tragen.<\/p><p>Die Haftung f\u00fcr den Verlust von Geld und Wertsachen jeglicher Art, die nicht ausdr\u00fccklich im Verwahrung genommen sind, ist ausgeschlossen.<\/p><p><strong>10. Schlussbestimmungen<\/strong><\/p><p>Auf das Vertragsverh\u00e4ltnis zwischen dem Verk\u00e4ufer und dem Kunden sowie auf die jeweiligen Gesch\u00e4ftsbedingungen findet das Recht der Bundesrepublik Deutschland Anwendung. Sofern der Kunde Verbraucher ist, bleiben die nach dem Recht des Aufenthaltslandes des Kunden zu Gunsten des Verbrauchers bestehenden geltenden gesetzlichen Regelungen und Rechte von dieser Vereinbarung unber\u00fchrt. Die Anwendung von UN-Kaufrecht wird ausgeschlossen.<\/p><p>Sind vorgenannte Bestimmungen ganz oder teilweise nicht Vertragsbestandteil geworden oder unwirksam, so bleibt der Vertrag im \u00dcbrigen wirksam. Soweit die Bestimmungen nicht Vertragsbestandteil geworden oder unwirksam sind, richtet sich der Inhalt des Vertrages nach den gesetzlichen Vorschriften.<\/p><p>Ist der Kunde Kaufmann, juristische Person des \u00f6ffentlichen Rechts oder \u00f6ffentlich-rechtliches Sonderverm\u00f6gen, ist ausschlie\u00dflicher Gerichtsstand f\u00fcr alle Streitigkeiten aus diesem Vertrag der Gesch\u00e4ftssitz des Verk\u00e4ufers. Dasselbe gilt, wenn der Kunde keinen allgemeinen Gerichtsstand in Deutschland oder der EU hat oder Wohnsitz oder gew\u00f6hnlicher Aufenthalt im Zeitpunkt der Klageerhebung nicht bekannt sind. Die Befugnis, auch das Gericht an einem anderen gesetzlichen Gerichtsstand anzurufen bleibt hiervon unber\u00fchrt.<\/p><p><strong>11. Informationen zur Online-Streibeilegung<\/strong><\/p><p>Die EU-Kommission stellt ab Februar 2016 eine Internetplattform zur Online-Beilegung von Streitigkeiten (sog. \u201eOS-Plattform\u201c) bereit. Die OS-Plattform soll als Anlaufstelle zur au\u00dfergerichtlichen Beilegung von Streitigkeiten betreffend vertragliche Verpflichtungen, die aus Online-Kaufvertr\u00e4gen erwachsen, dienen.<\/p><p>Erreichbar wird die OS-Plattform unter folgendem Link sein: <a href=\"http:\/\/ec.europa.eu\/consumers\/odr\" target=\"_blank\" rel=\"nofollow noopener\">http:\/\/ec.europa.eu\/consumers\/odr<\/a><\/p><p>Gem\u00e4\u00df \u00a736 VSBG: Wir nehmen nicht an einem Streitbeilegungsverfahren vor einer Verbraucherschlichtungsstelle teil. Das Gesetzes \u00fcber die alternative Streitbeilegung in Verbrauchersachen fordert aber, dass wir Sie trotzdem auf eine f\u00fcr Sie zust\u00e4ndige Verbraucherschlichtungsstelle hinweisen:<\/p><p>Allgemeine Verbraucherschlichtungsstelle des Zentrums f\u00fcr Schlichtung e. V.<br \/>Stra\u00dfburger Str. 8 <br \/>77694 Kehl<\/p><p>Internet: <a href=\"http:\/\/www.verbraucher-schlichter.de\" rel=\"nofollow\">www.verbraucher-schlichter.de<\/a><\/p><p>Stand: Juli. 2020 tuning by gmg, gmg &#8211; Ihr Autofachpartner, Inh. Gerald M\u00fcller, Obere Hof\u00e4cker 1, D-97840 Hafenlohr<\/p>\t\t\t\t\t\t\t\t<\/div>\n\t\t\t\t<\/div>\n\t\t\t\t\t<\/div>\n\t\t<\/div>\n\t\t\t\t\t<\/div>\n\t\t<\/section>\n\t\t\t\t<\/div>\n\t\t","protected":false},"excerpt":{"rendered":"<p>AGB Allgemeine Gesch\u00e4ftsbedingungen Allgemeine Gesch\u00e4ftsbedingungen f\u00fcr den Tuningbereich &#8222;tuning by gmg&#8220; von gmg-Ihr Autofachpartner, Inhaber Gerald M\u00fcller, Obere Hof\u00e4cker 1, 97840 HafenlohrInternetpr\u00e4senz: www.quattro-tuning.com 1. Geltungsbereich F\u00fcr s\u00e4mtliche Gesch\u00e4ftsbeziehungen zwischen uns, gmg-Ihr Autofachpartner, Inh. Gerald M\u00fcller (nachfolgend Verk\u00e4ufer genannt) und einem Verbraucher oder Unternehmer gelten ausschlie\u00dflich die nachfolgenden Allgemeinen Gesch\u00e4ftsbedingungen (nachfolgend AGB genannt) in der jeweils [&hellip;]<\/p>\n","protected":false},"author":1,"featured_media":0,"parent":0,"menu_order":0,"comment_status":"closed","ping_status":"closed","template":"elementor_header_footer","meta":{"ocean_post_layout":"full-screen","ocean_both_sidebars_style":"","ocean_both_sidebars_content_width":0,"ocean_both_sidebars_sidebars_width":0,"ocean_sidebar":"0","ocean_second_sidebar":"0","ocean_disable_margins":"on","ocean_add_body_class":"","ocean_shortcode_before_top_bar":"","ocean_shortcode_after_top_bar":"","ocean_shortcode_before_header":"","ocean_shortcode_after_header":"","ocean_has_shortcode":"","ocean_shortcode_after_title":"","ocean_shortcode_before_footer_widgets":"","ocean_shortcode_after_footer_widgets":"","ocean_shortcode_before_footer_bottom":"","ocean_shortcode_after_footer_bottom":"","ocean_display_top_bar":"default","ocean_display_header":"default","ocean_header_style":"","ocean_center_header_left_menu":"0","ocean_custom_header_template":"0","ocean_custom_logo":0,"ocean_custom_retina_logo":0,"ocean_custom_logo_max_width":0,"ocean_custom_logo_tablet_max_width":0,"ocean_custom_logo_mobile_max_width":0,"ocean_custom_logo_max_height":0,"ocean_custom_logo_tablet_max_height":0,"ocean_custom_logo_mobile_max_height":0,"ocean_header_custom_menu":"0","ocean_menu_typo_font_family":"0","ocean_menu_typo_font_subset":"","ocean_menu_typo_font_size":0,"ocean_menu_typo_font_size_tablet":0,"ocean_menu_typo_font_size_mobile":0,"ocean_menu_typo_font_size_unit":"px","ocean_menu_typo_font_weight":"","ocean_menu_typo_font_weight_tablet":"","ocean_menu_typo_font_weight_mobile":"","ocean_menu_typo_transform":"","ocean_menu_typo_transform_tablet":"","ocean_menu_typo_transform_mobile":"","ocean_menu_typo_line_height":0,"ocean_menu_typo_line_height_tablet":0,"ocean_menu_typo_line_height_mobile":0,"ocean_menu_typo_line_height_unit":"","ocean_menu_typo_spacing":0,"ocean_menu_typo_spacing_tablet":0,"ocean_menu_typo_spacing_mobile":0,"ocean_menu_typo_spacing_unit":"","ocean_menu_link_color":"","ocean_menu_link_color_hover":"","ocean_menu_link_color_active":"","ocean_menu_link_background":"","ocean_menu_link_hover_background":"","ocean_menu_link_active_background":"","ocean_menu_social_links_bg":"","ocean_menu_social_hover_links_bg":"","ocean_menu_social_links_color":"","ocean_menu_social_hover_links_color":"","ocean_disable_title":"on","ocean_disable_heading":"default","ocean_post_title":"","ocean_post_subheading":"","ocean_post_title_style":"","ocean_post_title_background_color":"","ocean_post_title_background":0,"ocean_post_title_bg_image_position":"","ocean_post_title_bg_image_attachment":"","ocean_post_title_bg_image_repeat":"","ocean_post_title_bg_image_size":"","ocean_post_title_height":0,"ocean_post_title_bg_overlay":0.5,"ocean_post_title_bg_overlay_color":"","ocean_disable_breadcrumbs":"default","ocean_breadcrumbs_color":"","ocean_breadcrumbs_separator_color":"","ocean_breadcrumbs_links_color":"","ocean_breadcrumbs_links_hover_color":"","ocean_display_footer_widgets":"default","ocean_display_footer_bottom":"default","ocean_custom_footer_template":"0","footnotes":""},"class_list":["post-1409","page","type-page","status-publish","hentry","entry"],"yoast_head":"<!-- This site is optimized with the Yoast SEO plugin v27.4 - https:\/\/yoast.com\/product\/yoast-seo-wordpress\/ -->\n<title>Allgemeine Gesch\u00e4ftsbedingungen - quattro Tuning by gmg<\/title>\n<meta name=\"robots\" content=\"index, follow, max-snippet:-1, max-image-preview:large, max-video-preview:-1\" \/>\n<link rel=\"canonical\" href=\"https:\/\/gmgonline.de\/quattro-tuning\/allgemeine-geschaeftsbedingungen\/\" \/>\n<meta property=\"og:locale\" content=\"de_DE\" \/>\n<meta property=\"og:type\" content=\"article\" \/>\n<meta property=\"og:title\" content=\"Allgemeine Gesch\u00e4ftsbedingungen - quattro Tuning by gmg\" \/>\n<meta property=\"og:description\" content=\"AGB Allgemeine Gesch\u00e4ftsbedingungen Allgemeine Gesch\u00e4ftsbedingungen f\u00fcr den Tuningbereich &#8222;tuning by gmg&#8220; von gmg-Ihr Autofachpartner, Inhaber Gerald M\u00fcller, Obere Hof\u00e4cker 1, 97840 HafenlohrInternetpr\u00e4senz: www.quattro-tuning.com 1. Geltungsbereich F\u00fcr s\u00e4mtliche Gesch\u00e4ftsbeziehungen zwischen uns, gmg-Ihr Autofachpartner, Inh. Gerald M\u00fcller (nachfolgend Verk\u00e4ufer genannt) und einem Verbraucher oder Unternehmer gelten ausschlie\u00dflich die nachfolgenden Allgemeinen Gesch\u00e4ftsbedingungen (nachfolgend AGB genannt) in der jeweils [&hellip;]\" \/>\n<meta property=\"og:url\" content=\"https:\/\/gmgonline.de\/quattro-tuning\/allgemeine-geschaeftsbedingungen\/\" \/>\n<meta property=\"og:site_name\" content=\"quattro Tuning by gmg\" \/>\n<meta property=\"article:publisher\" content=\"https:\/\/www.facebook.com\/QuattroTuning\" \/>\n<meta property=\"article:modified_time\" content=\"2020-07-20T15:30:29+00:00\" \/>\n<meta property=\"og:image\" content=\"https:\/\/gmgonline.de\/quattro-tuning\/wp-content\/uploads\/sites\/2\/2023\/04\/seo_yeo.png\" \/>\n\t<meta property=\"og:image:width\" content=\"1200\" \/>\n\t<meta property=\"og:image:height\" content=\"675\" \/>\n\t<meta property=\"og:image:type\" content=\"image\/png\" \/>\n<meta name=\"twitter:card\" content=\"summary_large_image\" \/>\n<meta name=\"twitter:label1\" content=\"Gesch\u00e4tzte Lesezeit\" \/>\n\t<meta name=\"twitter:data1\" content=\"6\u00a0Minuten\" \/>\n<script type=\"application\/ld+json\" class=\"yoast-schema-graph\">{\"@context\":\"https:\\\/\\\/schema.org\",\"@graph\":[{\"@type\":\"WebPage\",\"@id\":\"https:\\\/\\\/gmgonline.de\\\/quattro-tuning\\\/allgemeine-geschaeftsbedingungen\\\/\",\"url\":\"https:\\\/\\\/gmgonline.de\\\/quattro-tuning\\\/allgemeine-geschaeftsbedingungen\\\/\",\"name\":\"Allgemeine Gesch\u00e4ftsbedingungen - quattro Tuning by gmg\",\"isPartOf\":{\"@id\":\"https:\\\/\\\/gmgonline.de\\\/quattro-tuning\\\/#website\"},\"datePublished\":\"2020-07-17T14:00:28+00:00\",\"dateModified\":\"2020-07-20T15:30:29+00:00\",\"breadcrumb\":{\"@id\":\"https:\\\/\\\/gmgonline.de\\\/quattro-tuning\\\/allgemeine-geschaeftsbedingungen\\\/#breadcrumb\"},\"inLanguage\":\"de\",\"potentialAction\":[{\"@type\":\"ReadAction\",\"target\":[\"https:\\\/\\\/gmgonline.de\\\/quattro-tuning\\\/allgemeine-geschaeftsbedingungen\\\/\"]}]},{\"@type\":\"BreadcrumbList\",\"@id\":\"https:\\\/\\\/gmgonline.de\\\/quattro-tuning\\\/allgemeine-geschaeftsbedingungen\\\/#breadcrumb\",\"itemListElement\":[{\"@type\":\"ListItem\",\"position\":1,\"name\":\"Startseite\",\"item\":\"https:\\\/\\\/gmgonline.de\\\/quattro-tuning\\\/\"},{\"@type\":\"ListItem\",\"position\":2,\"name\":\"Allgemeine Gesch\u00e4ftsbedingungen\"}]},{\"@type\":\"WebSite\",\"@id\":\"https:\\\/\\\/gmgonline.de\\\/quattro-tuning\\\/#website\",\"url\":\"https:\\\/\\\/gmgonline.de\\\/quattro-tuning\\\/\",\"name\":\"quattro Tuning by gmg\",\"description\":\"www.quattro-tuning.com\",\"publisher\":{\"@id\":\"https:\\\/\\\/gmgonline.de\\\/quattro-tuning\\\/#organization\"},\"potentialAction\":[{\"@type\":\"SearchAction\",\"target\":{\"@type\":\"EntryPoint\",\"urlTemplate\":\"https:\\\/\\\/gmgonline.de\\\/quattro-tuning\\\/?s={search_term_string}\"},\"query-input\":{\"@type\":\"PropertyValueSpecification\",\"valueRequired\":true,\"valueName\":\"search_term_string\"}}],\"inLanguage\":\"de\"},{\"@type\":\"Organization\",\"@id\":\"https:\\\/\\\/gmgonline.de\\\/quattro-tuning\\\/#organization\",\"name\":\"gmg-Ihr Autofachpartner, Inhaber Gerald M\u00fcller\",\"url\":\"https:\\\/\\\/gmgonline.de\\\/quattro-tuning\\\/\",\"logo\":{\"@type\":\"ImageObject\",\"inLanguage\":\"de\",\"@id\":\"https:\\\/\\\/gmgonline.de\\\/quattro-tuning\\\/#\\\/schema\\\/logo\\\/image\\\/\",\"url\":\"https:\\\/\\\/gmgonline.de\\\/quattro-tuning\\\/wp-content\\\/uploads\\\/sites\\\/2\\\/2020\\\/03\\\/logo2.jpg\",\"contentUrl\":\"https:\\\/\\\/gmgonline.de\\\/quattro-tuning\\\/wp-content\\\/uploads\\\/sites\\\/2\\\/2020\\\/03\\\/logo2.jpg\",\"width\":172,\"height\":83,\"caption\":\"gmg-Ihr Autofachpartner, Inhaber Gerald M\u00fcller\"},\"image\":{\"@id\":\"https:\\\/\\\/gmgonline.de\\\/quattro-tuning\\\/#\\\/schema\\\/logo\\\/image\\\/\"},\"sameAs\":[\"https:\\\/\\\/www.facebook.com\\\/QuattroTuning\",\"https:\\\/\\\/www.instagram.com\\\/tuning_by_gmg\\\/\"]}]}<\/script>\n<!-- \/ Yoast SEO plugin. -->","yoast_head_json":{"title":"Allgemeine Gesch\u00e4ftsbedingungen - quattro Tuning by gmg","robots":{"index":"index","follow":"follow","max-snippet":"max-snippet:-1","max-image-preview":"max-image-preview:large","max-video-preview":"max-video-preview:-1"},"canonical":"https:\/\/gmgonline.de\/quattro-tuning\/allgemeine-geschaeftsbedingungen\/","og_locale":"de_DE","og_type":"article","og_title":"Allgemeine Gesch\u00e4ftsbedingungen - quattro Tuning by gmg","og_description":"AGB Allgemeine Gesch\u00e4ftsbedingungen Allgemeine Gesch\u00e4ftsbedingungen f\u00fcr den Tuningbereich &#8222;tuning by gmg&#8220; von gmg-Ihr Autofachpartner, Inhaber Gerald M\u00fcller, Obere Hof\u00e4cker 1, 97840 HafenlohrInternetpr\u00e4senz: www.quattro-tuning.com 1. Geltungsbereich F\u00fcr s\u00e4mtliche Gesch\u00e4ftsbeziehungen zwischen uns, gmg-Ihr Autofachpartner, Inh. Gerald M\u00fcller (nachfolgend Verk\u00e4ufer genannt) und einem Verbraucher oder Unternehmer gelten ausschlie\u00dflich die nachfolgenden Allgemeinen Gesch\u00e4ftsbedingungen (nachfolgend AGB genannt) in der jeweils [&hellip;]","og_url":"https:\/\/gmgonline.de\/quattro-tuning\/allgemeine-geschaeftsbedingungen\/","og_site_name":"quattro Tuning by gmg","article_publisher":"https:\/\/www.facebook.com\/QuattroTuning","article_modified_time":"2020-07-20T15:30:29+00:00","og_image":[{"width":1200,"height":675,"url":"https:\/\/gmgonline.de\/quattro-tuning\/wp-content\/uploads\/sites\/2\/2023\/04\/seo_yeo.png","type":"image\/png"}],"twitter_card":"summary_large_image","twitter_misc":{"Gesch\u00e4tzte Lesezeit":"6\u00a0Minuten"},"schema":{"@context":"https:\/\/schema.org","@graph":[{"@type":"WebPage","@id":"https:\/\/gmgonline.de\/quattro-tuning\/allgemeine-geschaeftsbedingungen\/","url":"https:\/\/gmgonline.de\/quattro-tuning\/allgemeine-geschaeftsbedingungen\/","name":"Allgemeine Gesch\u00e4ftsbedingungen - quattro Tuning by gmg","isPartOf":{"@id":"https:\/\/gmgonline.de\/quattro-tuning\/#website"},"datePublished":"2020-07-17T14:00:28+00:00","dateModified":"2020-07-20T15:30:29+00:00","breadcrumb":{"@id":"https:\/\/gmgonline.de\/quattro-tuning\/allgemeine-geschaeftsbedingungen\/#breadcrumb"},"inLanguage":"de","potentialAction":[{"@type":"ReadAction","target":["https:\/\/gmgonline.de\/quattro-tuning\/allgemeine-geschaeftsbedingungen\/"]}]},{"@type":"BreadcrumbList","@id":"https:\/\/gmgonline.de\/quattro-tuning\/allgemeine-geschaeftsbedingungen\/#breadcrumb","itemListElement":[{"@type":"ListItem","position":1,"name":"Startseite","item":"https:\/\/gmgonline.de\/quattro-tuning\/"},{"@type":"ListItem","position":2,"name":"Allgemeine Gesch\u00e4ftsbedingungen"}]},{"@type":"WebSite","@id":"https:\/\/gmgonline.de\/quattro-tuning\/#website","url":"https:\/\/gmgonline.de\/quattro-tuning\/","name":"quattro Tuning by gmg","description":"www.quattro-tuning.com","publisher":{"@id":"https:\/\/gmgonline.de\/quattro-tuning\/#organization"},"potentialAction":[{"@type":"SearchAction","target":{"@type":"EntryPoint","urlTemplate":"https:\/\/gmgonline.de\/quattro-tuning\/?s={search_term_string}"},"query-input":{"@type":"PropertyValueSpecification","valueRequired":true,"valueName":"search_term_string"}}],"inLanguage":"de"},{"@type":"Organization","@id":"https:\/\/gmgonline.de\/quattro-tuning\/#organization","name":"gmg-Ihr Autofachpartner, Inhaber Gerald M\u00fcller","url":"https:\/\/gmgonline.de\/quattro-tuning\/","logo":{"@type":"ImageObject","inLanguage":"de","@id":"https:\/\/gmgonline.de\/quattro-tuning\/#\/schema\/logo\/image\/","url":"https:\/\/gmgonline.de\/quattro-tuning\/wp-content\/uploads\/sites\/2\/2020\/03\/logo2.jpg","contentUrl":"https:\/\/gmgonline.de\/quattro-tuning\/wp-content\/uploads\/sites\/2\/2020\/03\/logo2.jpg","width":172,"height":83,"caption":"gmg-Ihr Autofachpartner, Inhaber Gerald M\u00fcller"},"image":{"@id":"https:\/\/gmgonline.de\/quattro-tuning\/#\/schema\/logo\/image\/"},"sameAs":["https:\/\/www.facebook.com\/QuattroTuning","https:\/\/www.instagram.com\/tuning_by_gmg\/"]}]}},"_links":{"self":[{"href":"https:\/\/gmgonline.de\/quattro-tuning\/wp-json\/wp\/v2\/pages\/1409","targetHints":{"allow":["GET"]}}],"collection":[{"href":"https:\/\/gmgonline.de\/quattro-tuning\/wp-json\/wp\/v2\/pages"}],"about":[{"href":"https:\/\/gmgonline.de\/quattro-tuning\/wp-json\/wp\/v2\/types\/page"}],"author":[{"embeddable":true,"href":"https:\/\/gmgonline.de\/quattro-tuning\/wp-json\/wp\/v2\/users\/1"}],"replies":[{"embeddable":true,"href":"https:\/\/gmgonline.de\/quattro-tuning\/wp-json\/wp\/v2\/comments?post=1409"}],"version-history":[{"count":17,"href":"https:\/\/gmgonline.de\/quattro-tuning\/wp-json\/wp\/v2\/pages\/1409\/revisions"}],"predecessor-version":[{"id":1482,"href":"https:\/\/gmgonline.de\/quattro-tuning\/wp-json\/wp\/v2\/pages\/1409\/revisions\/1482"}],"wp:attachment":[{"href":"https:\/\/gmgonline.de\/quattro-tuning\/wp-json\/wp\/v2\/media?parent=1409"}],"curies":[{"name":"wp","href":"https:\/\/api.w.org\/{rel}","templated":true}]}}